{"id":698,"date":"2020-06-23T11:02:22","date_gmt":"2020-06-23T08:02:22","guid":{"rendered":"https:\/\/thisworks.fi\/materials\/module-1\/"},"modified":"2025-06-10T11:27:55","modified_gmt":"2025-06-10T08:27:55","slug":"module-1","status":"publish","type":"page","link":"https:\/\/thisworks.fi\/lt\/materials\/module-1\/","title":{"rendered":"1 modulis. \u017dinut\u0117 butelyje \u2013 \u012fveikite i\u0161\u0161\u016bk\u012f!"},"content":{"rendered":"","protected":false},"excerpt":{"rendered":"","protected":false},"author":1,"featured_media":533,"parent":692,"menu_order":0,"comment_status":"closed","ping_status":"closed","template":"page-step.php","meta":{"_acf_changed":false,"_monsterinsights_skip_tracking":false,"_monsterinsights_sitenote_active":false,"_monsterinsights_sitenote_note":"","_monsterinsights_sitenote_category":0,"footnotes":""},"class_list":["post-698","page","type-page","status-publish","has-post-thumbnail","hentry"],"acf":[],"yoast_head":"<!-- This site is optimized with the Yoast SEO plugin v27.3 - https:\/\/yoast.com\/product\/yoast-seo-wordpress\/ -->\n<title>1 modulis. \u017dinut\u0117 butelyje \u2013 \u012fveikite i\u0161\u0161\u016bk\u012f! - This Works!<\/title>\n<meta name=\"robots\" content=\"index, follow, max-snippet:-1, max-image-preview:large, max-video-preview:-1\" \/>\n<link rel=\"canonical\" href=\"https:\/\/thisworks.fi\/lt\/materials\/module-1\/\" \/>\n<meta property=\"og:locale\" content=\"lt_LT\" \/>\n<meta property=\"og:type\" content=\"article\" \/>\n<meta property=\"og:title\" content=\"1 modulis. \u017dinut\u0117 butelyje \u2013 \u012fveikite i\u0161\u0161\u016bk\u012f! - This Works!\" \/>\n<meta property=\"og:url\" content=\"https:\/\/thisworks.fi\/lt\/materials\/module-1\/\" \/>\n<meta property=\"og:site_name\" content=\"This Works!\" \/>\n<meta property=\"article:modified_time\" content=\"2025-06-10T08:27:55+00:00\" \/>\n<meta property=\"og:image\" content=\"https:\/\/thisworks.fi\/wp-content\/uploads\/sites\/2\/2020\/06\/hero-purple.jpg\" \/>\n\t<meta property=\"og:image:width\" content=\"1800\" \/>\n\t<meta property=\"og:image:height\" content=\"1080\" \/>\n\t<meta property=\"og:image:type\" content=\"image\/jpeg\" \/>\n<meta name=\"twitter:card\" content=\"summary_large_image\" \/>\n<meta name=\"twitter:label1\" content=\"Est. reading time\" \/>\n\t<meta name=\"twitter:data1\" content=\"1 minut\u0117\" \/>\n<script type=\"application\/ld+json\" class=\"yoast-schema-graph\">{\"@context\":\"https:\\\/\\\/schema.org\",\"@graph\":[{\"@type\":\"WebPage\",\"@id\":\"https:\\\/\\\/thisworks.fi\\\/lt\\\/materials\\\/module-1\\\/\",\"url\":\"https:\\\/\\\/thisworks.fi\\\/lt\\\/materials\\\/module-1\\\/\",\"name\":\"1 modulis. \u017dinut\u0117 butelyje \u2013 \u012fveikite i\u0161\u0161\u016bk\u012f! - This Works!\",\"isPartOf\":{\"@id\":\"https:\\\/\\\/thisworks.fi\\\/#website\"},\"primaryImageOfPage\":{\"@id\":\"https:\\\/\\\/thisworks.fi\\\/lt\\\/materials\\\/module-1\\\/#primaryimage\"},\"image\":{\"@id\":\"https:\\\/\\\/thisworks.fi\\\/lt\\\/materials\\\/module-1\\\/#primaryimage\"},\"thumbnailUrl\":\"https:\\\/\\\/thisworks.fi\\\/wp-content\\\/uploads\\\/sites\\\/2\\\/2020\\\/06\\\/hero-purple.jpg\",\"datePublished\":\"2020-06-23T08:02:22+00:00\",\"dateModified\":\"2025-06-10T08:27:55+00:00\",\"breadcrumb\":{\"@id\":\"https:\\\/\\\/thisworks.fi\\\/lt\\\/materials\\\/module-1\\\/#breadcrumb\"},\"inLanguage\":\"lt-LT\",\"potentialAction\":[{\"@type\":\"ReadAction\",\"target\":[\"https:\\\/\\\/thisworks.fi\\\/lt\\\/materials\\\/module-1\\\/\"]}]},{\"@type\":\"ImageObject\",\"inLanguage\":\"lt-LT\",\"@id\":\"https:\\\/\\\/thisworks.fi\\\/lt\\\/materials\\\/module-1\\\/#primaryimage\",\"url\":\"https:\\\/\\\/thisworks.fi\\\/wp-content\\\/uploads\\\/sites\\\/2\\\/2020\\\/06\\\/hero-purple.jpg\",\"contentUrl\":\"https:\\\/\\\/thisworks.fi\\\/wp-content\\\/uploads\\\/sites\\\/2\\\/2020\\\/06\\\/hero-purple.jpg\",\"width\":1800,\"height\":1080},{\"@type\":\"BreadcrumbList\",\"@id\":\"https:\\\/\\\/thisworks.fi\\\/lt\\\/materials\\\/module-1\\\/#breadcrumb\",\"itemListElement\":[{\"@type\":\"ListItem\",\"position\":1,\"name\":\"Home\",\"item\":\"https:\\\/\\\/thisworks.fi\\\/lt\\\/\"},{\"@type\":\"ListItem\",\"position\":2,\"name\":\"Med\u017eiaga mokytojams\",\"item\":\"https:\\\/\\\/thisworks.fi\\\/lt\\\/materials\\\/\"},{\"@type\":\"ListItem\",\"position\":3,\"name\":\"1 modulis. \u017dinut\u0117 butelyje \u2013 \u012fveikite i\u0161\u0161\u016bk\u012f!\"}]},{\"@type\":\"WebSite\",\"@id\":\"https:\\\/\\\/thisworks.fi\\\/#website\",\"url\":\"https:\\\/\\\/thisworks.fi\\\/\",\"name\":\"This Works!\",\"description\":\"Technology education project for all first graders all around the world\",\"potentialAction\":[{\"@type\":\"SearchAction\",\"target\":{\"@type\":\"EntryPoint\",\"urlTemplate\":\"https:\\\/\\\/thisworks.fi\\\/?s={search_term_string}\"},\"query-input\":{\"@type\":\"PropertyValueSpecification\",\"valueRequired\":true,\"valueName\":\"search_term_string\"}}],\"inLanguage\":\"lt-LT\"}]}<\/script>\n<!-- \/ Yoast SEO plugin. -->","yoast_head_json":{"title":"1 modulis. \u017dinut\u0117 butelyje \u2013 \u012fveikite i\u0161\u0161\u016bk\u012f! - This Works!","robots":{"index":"index","follow":"follow","max-snippet":"max-snippet:-1","max-image-preview":"max-image-preview:large","max-video-preview":"max-video-preview:-1"},"canonical":"https:\/\/thisworks.fi\/lt\/materials\/module-1\/","og_locale":"lt_LT","og_type":"article","og_title":"1 modulis. \u017dinut\u0117 butelyje \u2013 \u012fveikite i\u0161\u0161\u016bk\u012f! - This Works!","og_url":"https:\/\/thisworks.fi\/lt\/materials\/module-1\/","og_site_name":"This Works!","article_modified_time":"2025-06-10T08:27:55+00:00","og_image":[{"width":1800,"height":1080,"url":"https:\/\/thisworks.fi\/wp-content\/uploads\/sites\/2\/2020\/06\/hero-purple.jpg","type":"image\/jpeg"}],"twitter_card":"summary_large_image","twitter_misc":{"Est. reading time":"1 minut\u0117"},"schema":{"@context":"https:\/\/schema.org","@graph":[{"@type":"WebPage","@id":"https:\/\/thisworks.fi\/lt\/materials\/module-1\/","url":"https:\/\/thisworks.fi\/lt\/materials\/module-1\/","name":"1 modulis. \u017dinut\u0117 butelyje \u2013 \u012fveikite i\u0161\u0161\u016bk\u012f! - This Works!","isPartOf":{"@id":"https:\/\/thisworks.fi\/#website"},"primaryImageOfPage":{"@id":"https:\/\/thisworks.fi\/lt\/materials\/module-1\/#primaryimage"},"image":{"@id":"https:\/\/thisworks.fi\/lt\/materials\/module-1\/#primaryimage"},"thumbnailUrl":"https:\/\/thisworks.fi\/wp-content\/uploads\/sites\/2\/2020\/06\/hero-purple.jpg","datePublished":"2020-06-23T08:02:22+00:00","dateModified":"2025-06-10T08:27:55+00:00","breadcrumb":{"@id":"https:\/\/thisworks.fi\/lt\/materials\/module-1\/#breadcrumb"},"inLanguage":"lt-LT","potentialAction":[{"@type":"ReadAction","target":["https:\/\/thisworks.fi\/lt\/materials\/module-1\/"]}]},{"@type":"ImageObject","inLanguage":"lt-LT","@id":"https:\/\/thisworks.fi\/lt\/materials\/module-1\/#primaryimage","url":"https:\/\/thisworks.fi\/wp-content\/uploads\/sites\/2\/2020\/06\/hero-purple.jpg","contentUrl":"https:\/\/thisworks.fi\/wp-content\/uploads\/sites\/2\/2020\/06\/hero-purple.jpg","width":1800,"height":1080},{"@type":"BreadcrumbList","@id":"https:\/\/thisworks.fi\/lt\/materials\/module-1\/#breadcrumb","itemListElement":[{"@type":"ListItem","position":1,"name":"Home","item":"https:\/\/thisworks.fi\/lt\/"},{"@type":"ListItem","position":2,"name":"Med\u017eiaga mokytojams","item":"https:\/\/thisworks.fi\/lt\/materials\/"},{"@type":"ListItem","position":3,"name":"1 modulis. \u017dinut\u0117 butelyje \u2013 \u012fveikite i\u0161\u0161\u016bk\u012f!"}]},{"@type":"WebSite","@id":"https:\/\/thisworks.fi\/#website","url":"https:\/\/thisworks.fi\/","name":"This Works!","description":"Technology education project for all first graders all around the world","potentialAction":[{"@type":"SearchAction","target":{"@type":"EntryPoint","urlTemplate":"https:\/\/thisworks.fi\/?s={search_term_string}"},"query-input":{"@type":"PropertyValueSpecification","valueRequired":true,"valueName":"search_term_string"}}],"inLanguage":"lt-LT"}]}},"_links":{"self":[{"href":"https:\/\/thisworks.fi\/lt\/wp-json\/wp\/v2\/pages\/698","targetHints":{"allow":["GET"]}}],"collection":[{"href":"https:\/\/thisworks.fi\/lt\/wp-json\/wp\/v2\/pages"}],"about":[{"href":"https:\/\/thisworks.fi\/lt\/wp-json\/wp\/v2\/types\/page"}],"author":[{"embeddable":true,"href":"https:\/\/thisworks.fi\/lt\/wp-json\/wp\/v2\/users\/1"}],"replies":[{"embeddable":true,"href":"https:\/\/thisworks.fi\/lt\/wp-json\/wp\/v2\/comments?post=698"}],"version-history":[{"count":0,"href":"https:\/\/thisworks.fi\/lt\/wp-json\/wp\/v2\/pages\/698\/revisions"}],"up":[{"embeddable":true,"href":"https:\/\/thisworks.fi\/lt\/wp-json\/wp\/v2\/pages\/692"}],"wp:featuredmedia":[{"embeddable":true,"href":"https:\/\/thisworks.fi\/lt\/wp-json\/wp\/v2\/media\/533"}],"wp:attachment":[{"href":"https:\/\/thisworks.fi\/lt\/wp-json\/wp\/v2\/media?parent=698"}],"curies":[{"name":"wp","href":"https:\/\/api.w.org\/{rel}","templated":true}]}}