{"id":693,"date":"2020-06-23T11:06:34","date_gmt":"2020-06-23T08:06:34","guid":{"rendered":"https:\/\/thisworks.fi\/materials\/preparation\/"},"modified":"2025-06-10T11:27:38","modified_gmt":"2025-06-10T08:27:38","slug":"preparation","status":"publish","type":"page","link":"https:\/\/thisworks.fi\/lt\/materials\/preparation\/","title":{"rendered":"Pasiruo\u0161imas"},"content":{"rendered":"<p class=\"p1\">Pasiruo\u0161imas<\/p>\n<ul>\n<li>Susipa\u017einkite su \u0161iame pakete esan\u010dia med\u017eiaga.<\/li>\n<li>Atsispausdinkite ir \u012flaminuokite persona\u017eus, priklijuokite juos ant pagaliuk\u0173, kad gal\u0117tum\u0117te panaudoti \u017eaidimams, spektakliams ir istorijai pagyvinti.<br \/>\n<strong>Patarimas:<\/strong> persona\u017eus taip pat galite klijuoti ant skirtingo auk\u0161\u010dio kartonini\u0173 pieno d\u0117\u017eu\u010di\u0173, kad jie i\u0161likt\u0173 vertikalioje pad\u0117tyje ir nereik\u0117t\u0173 j\u0173 laminuoti.<\/li>\n<li>Kartu su mokiniais susipa\u017einkite su persona\u017eais ir j\u0173 praeitimi..<br \/>\n<strong>Patarimas:<\/strong> rinkinyje pridedamas persona\u017e\u0173 plakatas.<\/li>\n<li>I\u0161si\u0173skite informacin\u012f lai\u0161k\u0105 t\u0117vams.<\/li>\n<li>I\u0161 anksto atspausdinkite \u017einut\u0119 butelyje, kad ji b\u016bt\u0173 paruo\u0161ta pirmajam moduliui.<br \/>\n<strong>Patarimas:<\/strong> \u012fd\u0117kite \u017einut\u0119 \u012f tikr\u0105 butel\u012f! Nei\u0161duokite mokiniams staigmenos!<\/li>\n<li>Pasirinkite, kaip dokumentuosite proces\u0105 (pavyzd\u017eiui, paruo\u0161ite \u201ePowerPoint\u201c pristatym\u0105, vesite skaitmenin\u012f dienora\u0161t\u012f, kelsite nuotraukas \u012f disk\u0105). Jei d\u0117l koki\u0173 nors prie\u017eas\u010di\u0173 ne\u012fmanoma lavinti IRT \u012fg\u016bd\u017ei\u0173 ir naudotis skaitmeniniu portfeliu, mokiniai savo pie\u0161inius ir kitus rezultatus tur\u0117t\u0173 saugoti savo projekt\u0173 s\u0105siuviniuose.<br \/>\n<strong>Patarimas:<\/strong> proces\u0105 verta \u012fra\u0161yti! Sukurkite smagi\u0105 \u201ePowerPoint\u201c prezentacij\u0105, skirt\u0105 art\u0117jan\u010diai \u0161ventei.<\/li>\n<li>Suskirstykite mokinius \u012f komandas po 3 arba 4 vaikus. Mokiniai \u0161iose komandose dirbs kartu vis\u0105 projekto laikotarp\u012f.<br \/>\n<strong>Patarimas:<\/strong> mokiniai gali sugalvoti savo komandos pavadinim\u0105 ir pasigaminti komandos pavadinimo lentel\u0119.<\/li>\n<li><strong>Patarimas:<\/strong> jei norite, socialin\u0117je \u017einiasklaidoje taip pat galite sekti \u201eThis Works!\u201c tarpdisciplinin\u0117s mokymosi programos prane\u0161imus, naudodami \u0161i\u0105 \u017eym\u0105: #thisworks!<\/li>\n<\/ul>\n<p><a href=\"https:\/\/youtu.be\/FeizieUDlcg\">\u0160iame trumpame vaizdo \u012fra\u0161e galite susipa\u017einti su persona\u017eais!<\/a><\/p>\n","protected":false},"excerpt":{"rendered":"<p>Pasiruo\u0161imas Susipa\u017einkite su \u0161iame pakete esan\u010dia med\u017eiaga. Atsispausdinkite ir \u012flaminuokite persona\u017eus, priklijuokite juos ant pagaliuk\u0173, kad gal\u0117tum\u0117te panaudoti<a href=\"https:\/\/thisworks.fi\/lt\/materials\/preparation\/\" class=\"read-more\">&hellip;  <\/a><\/p>\n","protected":false},"author":1,"featured_media":513,"parent":692,"menu_order":0,"comment_status":"closed","ping_status":"closed","template":"page-step.php","meta":{"_acf_changed":false,"_monsterinsights_skip_tracking":false,"_monsterinsights_sitenote_active":false,"_monsterinsights_sitenote_note":"","_monsterinsights_sitenote_category":0,"footnotes":""},"class_list":["post-693","page","type-page","status-publish","has-post-thumbnail","hentry"],"acf":[],"yoast_head":"<!-- This site is optimized with the Yoast SEO plugin v27.3 - https:\/\/yoast.com\/product\/yoast-seo-wordpress\/ -->\n<title>Pasiruo\u0161imas - This Works!<\/title>\n<meta name=\"robots\" content=\"index, follow, max-snippet:-1, max-image-preview:large, max-video-preview:-1\" \/>\n<link rel=\"canonical\" href=\"https:\/\/thisworks.fi\/lt\/materials\/preparation\/\" \/>\n<meta property=\"og:locale\" content=\"lt_LT\" \/>\n<meta property=\"og:type\" content=\"article\" \/>\n<meta property=\"og:title\" content=\"Pasiruo\u0161imas - This Works!\" \/>\n<meta property=\"og:description\" content=\"Pasiruo\u0161imas Susipa\u017einkite su \u0161iame pakete esan\u010dia med\u017eiaga. Atsispausdinkite ir \u012flaminuokite persona\u017eus, priklijuokite juos ant pagaliuk\u0173, kad gal\u0117tum\u0117te panaudoti&hellip;\" \/>\n<meta property=\"og:url\" content=\"https:\/\/thisworks.fi\/lt\/materials\/preparation\/\" \/>\n<meta property=\"og:site_name\" content=\"This Works!\" \/>\n<meta property=\"article:modified_time\" content=\"2025-06-10T08:27:38+00:00\" \/>\n<meta property=\"og:image\" content=\"https:\/\/thisworks.fi\/wp-content\/uploads\/sites\/2\/2020\/06\/tw-hero.jpg\" \/>\n\t<meta property=\"og:image:width\" content=\"1800\" \/>\n\t<meta property=\"og:image:height\" content=\"1080\" \/>\n\t<meta property=\"og:image:type\" content=\"image\/jpeg\" \/>\n<meta name=\"twitter:card\" content=\"summary_large_image\" \/>\n<meta name=\"twitter:label1\" content=\"Est. reading time\" \/>\n\t<meta name=\"twitter:data1\" content=\"2 minut\u0117s\" \/>\n<script type=\"application\/ld+json\" class=\"yoast-schema-graph\">{\"@context\":\"https:\\\/\\\/schema.org\",\"@graph\":[{\"@type\":\"WebPage\",\"@id\":\"https:\\\/\\\/thisworks.fi\\\/lt\\\/materials\\\/preparation\\\/\",\"url\":\"https:\\\/\\\/thisworks.fi\\\/lt\\\/materials\\\/preparation\\\/\",\"name\":\"Pasiruo\u0161imas - This Works!\",\"isPartOf\":{\"@id\":\"https:\\\/\\\/thisworks.fi\\\/#website\"},\"primaryImageOfPage\":{\"@id\":\"https:\\\/\\\/thisworks.fi\\\/lt\\\/materials\\\/preparation\\\/#primaryimage\"},\"image\":{\"@id\":\"https:\\\/\\\/thisworks.fi\\\/lt\\\/materials\\\/preparation\\\/#primaryimage\"},\"thumbnailUrl\":\"https:\\\/\\\/thisworks.fi\\\/wp-content\\\/uploads\\\/sites\\\/2\\\/2020\\\/06\\\/tw-hero.jpg\",\"datePublished\":\"2020-06-23T08:06:34+00:00\",\"dateModified\":\"2025-06-10T08:27:38+00:00\",\"breadcrumb\":{\"@id\":\"https:\\\/\\\/thisworks.fi\\\/lt\\\/materials\\\/preparation\\\/#breadcrumb\"},\"inLanguage\":\"lt-LT\",\"potentialAction\":[{\"@type\":\"ReadAction\",\"target\":[\"https:\\\/\\\/thisworks.fi\\\/lt\\\/materials\\\/preparation\\\/\"]}]},{\"@type\":\"ImageObject\",\"inLanguage\":\"lt-LT\",\"@id\":\"https:\\\/\\\/thisworks.fi\\\/lt\\\/materials\\\/preparation\\\/#primaryimage\",\"url\":\"https:\\\/\\\/thisworks.fi\\\/wp-content\\\/uploads\\\/sites\\\/2\\\/2020\\\/06\\\/tw-hero.jpg\",\"contentUrl\":\"https:\\\/\\\/thisworks.fi\\\/wp-content\\\/uploads\\\/sites\\\/2\\\/2020\\\/06\\\/tw-hero.jpg\",\"width\":1800,\"height\":1080},{\"@type\":\"BreadcrumbList\",\"@id\":\"https:\\\/\\\/thisworks.fi\\\/lt\\\/materials\\\/preparation\\\/#breadcrumb\",\"itemListElement\":[{\"@type\":\"ListItem\",\"position\":1,\"name\":\"Home\",\"item\":\"https:\\\/\\\/thisworks.fi\\\/lt\\\/\"},{\"@type\":\"ListItem\",\"position\":2,\"name\":\"Med\u017eiaga mokytojams\",\"item\":\"https:\\\/\\\/thisworks.fi\\\/lt\\\/materials\\\/\"},{\"@type\":\"ListItem\",\"position\":3,\"name\":\"Pasiruo\u0161imas\"}]},{\"@type\":\"WebSite\",\"@id\":\"https:\\\/\\\/thisworks.fi\\\/#website\",\"url\":\"https:\\\/\\\/thisworks.fi\\\/\",\"name\":\"This Works!\",\"description\":\"Technology education project for all first graders all around the world\",\"potentialAction\":[{\"@type\":\"SearchAction\",\"target\":{\"@type\":\"EntryPoint\",\"urlTemplate\":\"https:\\\/\\\/thisworks.fi\\\/?s={search_term_string}\"},\"query-input\":{\"@type\":\"PropertyValueSpecification\",\"valueRequired\":true,\"valueName\":\"search_term_string\"}}],\"inLanguage\":\"lt-LT\"}]}<\/script>\n<!-- \/ Yoast SEO plugin. -->","yoast_head_json":{"title":"Pasiruo\u0161imas - This Works!","robots":{"index":"index","follow":"follow","max-snippet":"max-snippet:-1","max-image-preview":"max-image-preview:large","max-video-preview":"max-video-preview:-1"},"canonical":"https:\/\/thisworks.fi\/lt\/materials\/preparation\/","og_locale":"lt_LT","og_type":"article","og_title":"Pasiruo\u0161imas - This Works!","og_description":"Pasiruo\u0161imas Susipa\u017einkite su \u0161iame pakete esan\u010dia med\u017eiaga. Atsispausdinkite ir \u012flaminuokite persona\u017eus, priklijuokite juos ant pagaliuk\u0173, kad gal\u0117tum\u0117te panaudoti&hellip;","og_url":"https:\/\/thisworks.fi\/lt\/materials\/preparation\/","og_site_name":"This Works!","article_modified_time":"2025-06-10T08:27:38+00:00","og_image":[{"width":1800,"height":1080,"url":"https:\/\/thisworks.fi\/wp-content\/uploads\/sites\/2\/2020\/06\/tw-hero.jpg","type":"image\/jpeg"}],"twitter_card":"summary_large_image","twitter_misc":{"Est. reading time":"2 minut\u0117s"},"schema":{"@context":"https:\/\/schema.org","@graph":[{"@type":"WebPage","@id":"https:\/\/thisworks.fi\/lt\/materials\/preparation\/","url":"https:\/\/thisworks.fi\/lt\/materials\/preparation\/","name":"Pasiruo\u0161imas - This Works!","isPartOf":{"@id":"https:\/\/thisworks.fi\/#website"},"primaryImageOfPage":{"@id":"https:\/\/thisworks.fi\/lt\/materials\/preparation\/#primaryimage"},"image":{"@id":"https:\/\/thisworks.fi\/lt\/materials\/preparation\/#primaryimage"},"thumbnailUrl":"https:\/\/thisworks.fi\/wp-content\/uploads\/sites\/2\/2020\/06\/tw-hero.jpg","datePublished":"2020-06-23T08:06:34+00:00","dateModified":"2025-06-10T08:27:38+00:00","breadcrumb":{"@id":"https:\/\/thisworks.fi\/lt\/materials\/preparation\/#breadcrumb"},"inLanguage":"lt-LT","potentialAction":[{"@type":"ReadAction","target":["https:\/\/thisworks.fi\/lt\/materials\/preparation\/"]}]},{"@type":"ImageObject","inLanguage":"lt-LT","@id":"https:\/\/thisworks.fi\/lt\/materials\/preparation\/#primaryimage","url":"https:\/\/thisworks.fi\/wp-content\/uploads\/sites\/2\/2020\/06\/tw-hero.jpg","contentUrl":"https:\/\/thisworks.fi\/wp-content\/uploads\/sites\/2\/2020\/06\/tw-hero.jpg","width":1800,"height":1080},{"@type":"BreadcrumbList","@id":"https:\/\/thisworks.fi\/lt\/materials\/preparation\/#breadcrumb","itemListElement":[{"@type":"ListItem","position":1,"name":"Home","item":"https:\/\/thisworks.fi\/lt\/"},{"@type":"ListItem","position":2,"name":"Med\u017eiaga mokytojams","item":"https:\/\/thisworks.fi\/lt\/materials\/"},{"@type":"ListItem","position":3,"name":"Pasiruo\u0161imas"}]},{"@type":"WebSite","@id":"https:\/\/thisworks.fi\/#website","url":"https:\/\/thisworks.fi\/","name":"This Works!","description":"Technology education project for all first graders all around the world","potentialAction":[{"@type":"SearchAction","target":{"@type":"EntryPoint","urlTemplate":"https:\/\/thisworks.fi\/?s={search_term_string}"},"query-input":{"@type":"PropertyValueSpecification","valueRequired":true,"valueName":"search_term_string"}}],"inLanguage":"lt-LT"}]}},"_links":{"self":[{"href":"https:\/\/thisworks.fi\/lt\/wp-json\/wp\/v2\/pages\/693","targetHints":{"allow":["GET"]}}],"collection":[{"href":"https:\/\/thisworks.fi\/lt\/wp-json\/wp\/v2\/pages"}],"about":[{"href":"https:\/\/thisworks.fi\/lt\/wp-json\/wp\/v2\/types\/page"}],"author":[{"embeddable":true,"href":"https:\/\/thisworks.fi\/lt\/wp-json\/wp\/v2\/users\/1"}],"replies":[{"embeddable":true,"href":"https:\/\/thisworks.fi\/lt\/wp-json\/wp\/v2\/comments?post=693"}],"version-history":[{"count":0,"href":"https:\/\/thisworks.fi\/lt\/wp-json\/wp\/v2\/pages\/693\/revisions"}],"up":[{"embeddable":true,"href":"https:\/\/thisworks.fi\/lt\/wp-json\/wp\/v2\/pages\/692"}],"wp:featuredmedia":[{"embeddable":true,"href":"https:\/\/thisworks.fi\/lt\/wp-json\/wp\/v2\/media\/513"}],"wp:attachment":[{"href":"https:\/\/thisworks.fi\/lt\/wp-json\/wp\/v2\/media?parent=693"}],"curies":[{"name":"wp","href":"https:\/\/api.w.org\/{rel}","templated":true}]}}