{"id":688,"date":"2022-05-25T13:27:33","date_gmt":"2022-05-25T10:27:33","guid":{"rendered":"https:\/\/thisworks.fi\/introduction\/"},"modified":"2025-06-24T21:56:41","modified_gmt":"2025-06-24T18:56:41","slug":"introduction","status":"publish","type":"page","link":"https:\/\/thisworks.fi\/lt\/introduction\/","title":{"rendered":"Apie"},"content":{"rendered":"<h1>Septyni\u0173 savai\u010di\u0173 mokymosi programa, skirta viso pasaulio pirmokams.<\/h1>\n","protected":false},"excerpt":{"rendered":"<p>Septyni\u0173 savai\u010di\u0173 mokymosi programa, skirta viso pasaulio pirmokams.<\/p>\n","protected":false},"author":1,"featured_media":533,"parent":0,"menu_order":0,"comment_status":"closed","ping_status":"closed","template":"front-page.php","meta":{"_acf_changed":false,"_monsterinsights_skip_tracking":false,"_monsterinsights_sitenote_active":false,"_monsterinsights_sitenote_note":"","_monsterinsights_sitenote_category":0,"footnotes":""},"class_list":["post-688","page","type-page","status-publish","has-post-thumbnail","hentry"],"acf":[],"yoast_head":"<!-- This site is optimized with the Yoast SEO plugin v27.3 - https:\/\/yoast.com\/product\/yoast-seo-wordpress\/ -->\n<title>Apie - This Works!<\/title>\n<meta name=\"robots\" content=\"index, follow, max-snippet:-1, max-image-preview:large, max-video-preview:-1\" \/>\n<link rel=\"canonical\" href=\"https:\/\/thisworks.fi\/lt\/introduction\/\" \/>\n<meta property=\"og:locale\" content=\"lt_LT\" \/>\n<meta property=\"og:type\" content=\"article\" \/>\n<meta property=\"og:title\" content=\"Apie - This Works!\" \/>\n<meta property=\"og:description\" content=\"Septyni\u0173 savai\u010di\u0173 mokymosi programa, skirta viso pasaulio pirmokams.\" \/>\n<meta property=\"og:url\" content=\"https:\/\/thisworks.fi\/lt\/introduction\/\" \/>\n<meta property=\"og:site_name\" content=\"This Works!\" \/>\n<meta property=\"article:modified_time\" content=\"2025-06-24T18:56:41+00:00\" \/>\n<meta property=\"og:image\" content=\"https:\/\/thisworks.fi\/wp-content\/uploads\/sites\/2\/2020\/06\/hero-purple.jpg\" \/>\n\t<meta property=\"og:image:width\" content=\"1800\" \/>\n\t<meta property=\"og:image:height\" content=\"1080\" \/>\n\t<meta property=\"og:image:type\" content=\"image\/jpeg\" \/>\n<meta name=\"twitter:card\" content=\"summary_large_image\" \/>\n<meta name=\"twitter:label1\" content=\"Est. reading time\" \/>\n\t<meta name=\"twitter:data1\" content=\"1 minut\u0117\" \/>\n<script type=\"application\/ld+json\" class=\"yoast-schema-graph\">{\"@context\":\"https:\\\/\\\/schema.org\",\"@graph\":[{\"@type\":\"WebPage\",\"@id\":\"https:\\\/\\\/thisworks.fi\\\/lt\\\/introduction\\\/\",\"url\":\"https:\\\/\\\/thisworks.fi\\\/lt\\\/introduction\\\/\",\"name\":\"Apie - This Works!\",\"isPartOf\":{\"@id\":\"https:\\\/\\\/thisworks.fi\\\/#website\"},\"primaryImageOfPage\":{\"@id\":\"https:\\\/\\\/thisworks.fi\\\/lt\\\/introduction\\\/#primaryimage\"},\"image\":{\"@id\":\"https:\\\/\\\/thisworks.fi\\\/lt\\\/introduction\\\/#primaryimage\"},\"thumbnailUrl\":\"https:\\\/\\\/thisworks.fi\\\/wp-content\\\/uploads\\\/sites\\\/2\\\/2020\\\/06\\\/hero-purple.jpg\",\"datePublished\":\"2022-05-25T10:27:33+00:00\",\"dateModified\":\"2025-06-24T18:56:41+00:00\",\"breadcrumb\":{\"@id\":\"https:\\\/\\\/thisworks.fi\\\/lt\\\/introduction\\\/#breadcrumb\"},\"inLanguage\":\"lt-LT\",\"potentialAction\":[{\"@type\":\"ReadAction\",\"target\":[\"https:\\\/\\\/thisworks.fi\\\/lt\\\/introduction\\\/\"]}]},{\"@type\":\"ImageObject\",\"inLanguage\":\"lt-LT\",\"@id\":\"https:\\\/\\\/thisworks.fi\\\/lt\\\/introduction\\\/#primaryimage\",\"url\":\"https:\\\/\\\/thisworks.fi\\\/wp-content\\\/uploads\\\/sites\\\/2\\\/2020\\\/06\\\/hero-purple.jpg\",\"contentUrl\":\"https:\\\/\\\/thisworks.fi\\\/wp-content\\\/uploads\\\/sites\\\/2\\\/2020\\\/06\\\/hero-purple.jpg\",\"width\":1800,\"height\":1080},{\"@type\":\"BreadcrumbList\",\"@id\":\"https:\\\/\\\/thisworks.fi\\\/lt\\\/introduction\\\/#breadcrumb\",\"itemListElement\":[{\"@type\":\"ListItem\",\"position\":1,\"name\":\"Home\",\"item\":\"https:\\\/\\\/thisworks.fi\\\/lt\\\/\"},{\"@type\":\"ListItem\",\"position\":2,\"name\":\"Apie\"}]},{\"@type\":\"WebSite\",\"@id\":\"https:\\\/\\\/thisworks.fi\\\/#website\",\"url\":\"https:\\\/\\\/thisworks.fi\\\/\",\"name\":\"This Works!\",\"description\":\"Technology education project for all first graders all around the world\",\"potentialAction\":[{\"@type\":\"SearchAction\",\"target\":{\"@type\":\"EntryPoint\",\"urlTemplate\":\"https:\\\/\\\/thisworks.fi\\\/?s={search_term_string}\"},\"query-input\":{\"@type\":\"PropertyValueSpecification\",\"valueRequired\":true,\"valueName\":\"search_term_string\"}}],\"inLanguage\":\"lt-LT\"}]}<\/script>\n<!-- \/ Yoast SEO plugin. -->","yoast_head_json":{"title":"Apie - This Works!","robots":{"index":"index","follow":"follow","max-snippet":"max-snippet:-1","max-image-preview":"max-image-preview:large","max-video-preview":"max-video-preview:-1"},"canonical":"https:\/\/thisworks.fi\/lt\/introduction\/","og_locale":"lt_LT","og_type":"article","og_title":"Apie - This Works!","og_description":"Septyni\u0173 savai\u010di\u0173 mokymosi programa, skirta viso pasaulio pirmokams.","og_url":"https:\/\/thisworks.fi\/lt\/introduction\/","og_site_name":"This Works!","article_modified_time":"2025-06-24T18:56:41+00:00","og_image":[{"width":1800,"height":1080,"url":"https:\/\/thisworks.fi\/wp-content\/uploads\/sites\/2\/2020\/06\/hero-purple.jpg","type":"image\/jpeg"}],"twitter_card":"summary_large_image","twitter_misc":{"Est. reading time":"1 minut\u0117"},"schema":{"@context":"https:\/\/schema.org","@graph":[{"@type":"WebPage","@id":"https:\/\/thisworks.fi\/lt\/introduction\/","url":"https:\/\/thisworks.fi\/lt\/introduction\/","name":"Apie - This Works!","isPartOf":{"@id":"https:\/\/thisworks.fi\/#website"},"primaryImageOfPage":{"@id":"https:\/\/thisworks.fi\/lt\/introduction\/#primaryimage"},"image":{"@id":"https:\/\/thisworks.fi\/lt\/introduction\/#primaryimage"},"thumbnailUrl":"https:\/\/thisworks.fi\/wp-content\/uploads\/sites\/2\/2020\/06\/hero-purple.jpg","datePublished":"2022-05-25T10:27:33+00:00","dateModified":"2025-06-24T18:56:41+00:00","breadcrumb":{"@id":"https:\/\/thisworks.fi\/lt\/introduction\/#breadcrumb"},"inLanguage":"lt-LT","potentialAction":[{"@type":"ReadAction","target":["https:\/\/thisworks.fi\/lt\/introduction\/"]}]},{"@type":"ImageObject","inLanguage":"lt-LT","@id":"https:\/\/thisworks.fi\/lt\/introduction\/#primaryimage","url":"https:\/\/thisworks.fi\/wp-content\/uploads\/sites\/2\/2020\/06\/hero-purple.jpg","contentUrl":"https:\/\/thisworks.fi\/wp-content\/uploads\/sites\/2\/2020\/06\/hero-purple.jpg","width":1800,"height":1080},{"@type":"BreadcrumbList","@id":"https:\/\/thisworks.fi\/lt\/introduction\/#breadcrumb","itemListElement":[{"@type":"ListItem","position":1,"name":"Home","item":"https:\/\/thisworks.fi\/lt\/"},{"@type":"ListItem","position":2,"name":"Apie"}]},{"@type":"WebSite","@id":"https:\/\/thisworks.fi\/#website","url":"https:\/\/thisworks.fi\/","name":"This Works!","description":"Technology education project for all first graders all around the world","potentialAction":[{"@type":"SearchAction","target":{"@type":"EntryPoint","urlTemplate":"https:\/\/thisworks.fi\/?s={search_term_string}"},"query-input":{"@type":"PropertyValueSpecification","valueRequired":true,"valueName":"search_term_string"}}],"inLanguage":"lt-LT"}]}},"_links":{"self":[{"href":"https:\/\/thisworks.fi\/lt\/wp-json\/wp\/v2\/pages\/688","targetHints":{"allow":["GET"]}}],"collection":[{"href":"https:\/\/thisworks.fi\/lt\/wp-json\/wp\/v2\/pages"}],"about":[{"href":"https:\/\/thisworks.fi\/lt\/wp-json\/wp\/v2\/types\/page"}],"author":[{"embeddable":true,"href":"https:\/\/thisworks.fi\/lt\/wp-json\/wp\/v2\/users\/1"}],"replies":[{"embeddable":true,"href":"https:\/\/thisworks.fi\/lt\/wp-json\/wp\/v2\/comments?post=688"}],"version-history":[{"count":0,"href":"https:\/\/thisworks.fi\/lt\/wp-json\/wp\/v2\/pages\/688\/revisions"}],"wp:featuredmedia":[{"embeddable":true,"href":"https:\/\/thisworks.fi\/lt\/wp-json\/wp\/v2\/media\/533"}],"wp:attachment":[{"href":"https:\/\/thisworks.fi\/lt\/wp-json\/wp\/v2\/media?parent=688"}],"curies":[{"name":"wp","href":"https:\/\/api.w.org\/{rel}","templated":true}]}}